{"id":4438,"date":"2016-06-22T10:22:34","date_gmt":"2016-06-22T10:22:34","guid":{"rendered":"https:\/\/farmacia-reus.com\/farmacias-pique\/"},"modified":"2023-11-15T19:51:47","modified_gmt":"2023-11-15T18:51:47","slug":"farmacia-pique","status":"publish","type":"page","link":"https:\/\/farmacia-reus.com\/ca\/farmacia-pique\/","title":{"rendered":"Farm\u00e0cia Piqu\u00e9"},"content":{"rendered":"<p>[vc_row content_width=&#8221;grid&#8221; css=&#8221;.vc_custom_1560418359757{margin-top: 65px !important;margin-bottom: 45px !important;}&#8221;][vc_column width=&#8221;1\/2&#8243;]<div class=\"mkd-separator-holder clearfix  mkd-separator-center\">\n\t<div class=\"mkd-separator\" style=\"margin-top: 15px;margin-bottom: 15px\"><\/div>\n<\/div>\n<div class=\"mkd-section-title-holder\">\n\t<h2 class=\"mkd-section-title\" >\n\tDes de 1919<\/h2>\n<\/div><div class=\"mkd-section-subtitle-holder mkd-section-subtitle-left\" >\n\t<p style=\"text-align: left;\" class=\"mkd-section-subtitle\">com a farmac\u00e8utics a Reus<\/p>\n<\/div>[vc_column_text]La nostra hist\u00f2ria comen\u00e7a el 1919 amb el farmac\u00e8utic Jos\u00e9 Monteverde Ayet al capdavant i posteriorment la seva filla Josefina Monteverde Vallespinosa.<\/p>\n<p>Des de llavors 4 generacions de farmac\u00e8utics de la fam\u00edlia hem exercit orgullosos del que hem estat i del que hem apr\u00e8s dels nostres antecessors. Avui, despr\u00e9s de cent anys, estem il\u00b7lusionats de ser una farm\u00e0cia amb un equip de professionals propers, din\u00e0mics, humans, decidits a ajudar-te a tenir cura de la teva salut i del teu benestar. A la teva disposici\u00f3 cada dia de l&#8217;any.<\/p>\n<p>Seguim formant cont\u00ednuament i en constant evoluci\u00f3 per estar a l&#8217;avantguarda i aix\u00ed poder oferir cada dia un millor servei.[\/vc_column_text]<div class=\"mkd-separator-holder clearfix  mkd-separator-center\">\n\t<div class=\"mkd-separator\" style=\"margin-top: 20px;margin-bottom: 20px\"><\/div>\n<\/div>\n[\/vc_column][vc_column width=&#8221;1\/2&#8243;][vc_single_image image=&#8221;4426&#8243; img_size=&#8221;full&#8221;]<div class=\"mkd-separator-holder clearfix  mkd-separator-center\">\n\t<div class=\"mkd-separator\" style=\"margin-top: 20px;margin-bottom: 20px\"><\/div>\n<\/div>\n[\/vc_column][\/vc_row][vc_row content_width=&#8221;grid&#8221; content_aligment=&#8221;center&#8221; css=&#8221;.vc_custom_1560296629250{padding-top: 90px !important;padding-bottom: 90px !important;background-color: #f7f7f7 !important;}&#8221;][vc_column]<div class=\"mkd-section-title-holder\">\n\t<h2 class=\"mkd-section-title\" >\n\tLes persones que formen el nostre equip<\/h2>\n<\/div><div class=\"mkd-section-subtitle-holder mkd-section-subtitle-center\" style=\"width: 80%\">\n\t<p style=\"text-align: center;\" class=\"mkd-section-subtitle\">A la farm\u00e0cia Piqu\u00e9 treballem un equip que d\u00f3na \u00e0mplia cobertura a les necessitats dels nostres clients.<\/p>\n<\/div><div class=\"mkd-separator-holder clearfix  mkd-separator-center\">\n\t<div class=\"mkd-separator\" style=\"margin-top: 25px;margin-bottom: 25px\"><\/div>\n<\/div>\n[vc_row_inner][vc_column_inner width=&#8221;1\/3&#8243;]\n<div class=\"mkd-team\">\n\t<div class=\"mkd-team-inner\">\n\t\t\t\t\t<div class=\"mkd-team-image-holder\">\n\t\t\t\t<div class=\"mkd-team-image\">\n\t\t\t\t\t<img src=\"https:\/\/farmacia-reus.com\/wp-content\/uploads\/2019\/06\/tania.jpg\" alt=\"mkd-team-image\"\/>\n\n\t\t\t\t\t<div class=\"mkd-team-social-holder\">\n\t\t\t\t\t\t<div class=\"mkd-team-social normal_social\">\n\t\t\t\t\t\t\t<div class=\"mkd-team-social-inner\">\n\n\t\t\t\t\t\t\t\t\n\t\t\t\t\t\t\t<\/div>\n\t\t\t\t\t\t<\/div>\n\t\t\t\t\t<\/div>\n\t\t\t\t<\/div>\n\t\t\t<\/div>\n\t\t\n\t\t\t\t\t<div class=\"mkd-team-info\">\n\t\t\t\t\t\t\t\t\t<div class=\"mkd-team-title-holder normal_social\">\n\t\t\t\t\t\t\t\t\t\t\t\t\t<h5 class=\"mkd-team-name \">\n\t\t\t\t\t\t\t\tT\u00e0nia Piqu\u00e9\t\t\t\t\t\t\t<\/h5>\n\t\t\t\t\t\t\t\t\t\t\t\t\t\t\t\t\t\t\t<h6 class=\"mkd-team-position \">Farmac\u00e8utica titular<\/h6>\n\t\t\t\t\t\t\t\t\t\t\t<\/div>\n\t\t\t\t\n\t\t\t\t\n\t<\/div>\n<\/div>\n<\/div><div class=\"mkd-separator-holder clearfix  mkd-separator-center\">\n\t<div class=\"mkd-separator\" style=\"margin-top: 20px;margin-bottom: 20px\"><\/div>\n<\/div>\n\n<div class=\"mkd-team\">\n\t<div class=\"mkd-team-inner\">\n\t\t\t\t\t<div class=\"mkd-team-image-holder\">\n\t\t\t\t<div class=\"mkd-team-image\">\n\t\t\t\t\t<img src=\"https:\/\/farmacia-reus.com\/wp-content\/uploads\/2019\/06\/lurdes.jpg\" alt=\"mkd-team-image\"\/>\n\n\t\t\t\t\t<div class=\"mkd-team-social-holder\">\n\t\t\t\t\t\t<div class=\"mkd-team-social normal_social\">\n\t\t\t\t\t\t\t<div class=\"mkd-team-social-inner\">\n\n\t\t\t\t\t\t\t\t\n\t\t\t\t\t\t\t<\/div>\n\t\t\t\t\t\t<\/div>\n\t\t\t\t\t<\/div>\n\t\t\t\t<\/div>\n\t\t\t<\/div>\n\t\t\n\t\t\t\t\t<div class=\"mkd-team-info\">\n\t\t\t\t\t\t\t\t\t<div class=\"mkd-team-title-holder normal_social\">\n\t\t\t\t\t\t\t\t\t\t\t\t\t<h5 class=\"mkd-team-name \">\n\t\t\t\t\t\t\t\tLurdes Monteiro\t\t\t\t\t\t\t<\/h5>\n\t\t\t\t\t\t\t\t\t\t\t\t\t\t\t\t\t\t\t<h6 class=\"mkd-team-position \">T\u00e8cnica en farm\u00e0cia<\/h6>\n\t\t\t\t\t\t\t\t\t\t\t<\/div>\n\t\t\t\t\n\t\t\t\t\n\t<\/div>\n<\/div>\n<\/div><div class=\"mkd-separator-holder clearfix  mkd-separator-center\">\n\t<div class=\"mkd-separator\" style=\"margin-top: 20px;margin-bottom: 20px\"><\/div>\n<\/div>\n[\/vc_column_inner][vc_column_inner width=&#8221;1\/3&#8243;]\n<div class=\"mkd-team\">\n\t<div class=\"mkd-team-inner\">\n\t\t\t\t\t<div class=\"mkd-team-image-holder\">\n\t\t\t\t<div class=\"mkd-team-image\">\n\t\t\t\t\t<img src=\"https:\/\/farmacia-reus.com\/wp-content\/uploads\/2023\/11\/anna.jpg\" alt=\"mkd-team-image\"\/>\n\n\t\t\t\t\t<div class=\"mkd-team-social-holder\">\n\t\t\t\t\t\t<div class=\"mkd-team-social normal_social\">\n\t\t\t\t\t\t\t<div class=\"mkd-team-social-inner\">\n\n\t\t\t\t\t\t\t\t\n\t\t\t\t\t\t\t<\/div>\n\t\t\t\t\t\t<\/div>\n\t\t\t\t\t<\/div>\n\t\t\t\t<\/div>\n\t\t\t<\/div>\n\t\t\n\t\t\t\t\t<div class=\"mkd-team-info\">\n\t\t\t\t\t\t\t\t\t<div class=\"mkd-team-title-holder normal_social\">\n\t\t\t\t\t\t\t\t\t\t\t\t\t<h5 class=\"mkd-team-name \">\n\t\t\t\t\t\t\t\tAnna Antonio\t\t\t\t\t\t\t<\/h5>\n\t\t\t\t\t\t\t\t\t\t\t\t\t\t\t\t\t\t\t<h6 class=\"mkd-team-position \">Farmac\u00e8utica<\/h6>\n\t\t\t\t\t\t\t\t\t\t\t<\/div>\n\t\t\t\t\n\t\t\t\t\n\t<\/div>\n<\/div>\n<\/div><div class=\"mkd-separator-holder clearfix  mkd-separator-center\">\n\t<div class=\"mkd-separator\" style=\"margin-top: 20px;margin-bottom: 20px\"><\/div>\n<\/div>\n\n<div class=\"mkd-team\">\n\t<div class=\"mkd-team-inner\">\n\t\t\t\t\t<div class=\"mkd-team-image-holder\">\n\t\t\t\t<div class=\"mkd-team-image\">\n\t\t\t\t\t<img src=\"https:\/\/farmacia-reus.com\/wp-content\/uploads\/2019\/06\/maria.jpg\" alt=\"mkd-team-image\"\/>\n\n\t\t\t\t\t<div class=\"mkd-team-social-holder\">\n\t\t\t\t\t\t<div class=\"mkd-team-social normal_social\">\n\t\t\t\t\t\t\t<div class=\"mkd-team-social-inner\">\n\n\t\t\t\t\t\t\t\t\n\t\t\t\t\t\t\t<\/div>\n\t\t\t\t\t\t<\/div>\n\t\t\t\t\t<\/div>\n\t\t\t\t<\/div>\n\t\t\t<\/div>\n\t\t\n\t\t\t\t\t<div class=\"mkd-team-info\">\n\t\t\t\t\t\t\t\t\t<div class=\"mkd-team-title-holder normal_social\">\n\t\t\t\t\t\t\t\t\t\t\t\t\t<h5 class=\"mkd-team-name \">\n\t\t\t\t\t\t\t\tMaria Szekely\t\t\t\t\t\t\t<\/h5>\n\t\t\t\t\t\t\t\t\t\t\t\t\t\t\t\t\t\t\t<h6 class=\"mkd-team-position \">T\u00e8cnica en farm\u00e0cia<\/h6>\n\t\t\t\t\t\t\t\t\t\t\t<\/div>\n\t\t\t\t\n\t\t\t\t\n\t<\/div>\n<\/div>\n<\/div><div class=\"mkd-separator-holder clearfix  mkd-separator-center\">\n\t<div class=\"mkd-separator\" style=\"margin-top: 20px;margin-bottom: 20px\"><\/div>\n<\/div>\n[\/vc_column_inner][vc_column_inner width=&#8221;1\/3&#8243;]\n<div class=\"mkd-team\">\n\t<div class=\"mkd-team-inner\">\n\t\t\t\t\t<div class=\"mkd-team-image-holder\">\n\t\t\t\t<div class=\"mkd-team-image\">\n\t\t\t\t\t<img src=\"https:\/\/farmacia-reus.com\/wp-content\/uploads\/2019\/06\/marina.jpg\" alt=\"mkd-team-image\"\/>\n\n\t\t\t\t\t<div class=\"mkd-team-social-holder\">\n\t\t\t\t\t\t<div class=\"mkd-team-social normal_social\">\n\t\t\t\t\t\t\t<div class=\"mkd-team-social-inner\">\n\n\t\t\t\t\t\t\t\t\n\t\t\t\t\t\t\t<\/div>\n\t\t\t\t\t\t<\/div>\n\t\t\t\t\t<\/div>\n\t\t\t\t<\/div>\n\t\t\t<\/div>\n\t\t\n\t\t\t\t\t<div class=\"mkd-team-info\">\n\t\t\t\t\t\t\t\t\t<div class=\"mkd-team-title-holder normal_social\">\n\t\t\t\t\t\t\t\t\t\t\t\t\t<h5 class=\"mkd-team-name \">\n\t\t\t\t\t\t\t\tMarina Alonso\t\t\t\t\t\t\t<\/h5>\n\t\t\t\t\t\t\t\t\t\t\t\t\t\t\t\t\t\t\t<h6 class=\"mkd-team-position \">Farmac\u00e8utica adjunta<\/h6>\n\t\t\t\t\t\t\t\t\t\t\t<\/div>\n\t\t\t\t\n\t\t\t\t\n\t<\/div>\n<\/div>\n<\/div><div class=\"mkd-separator-holder clearfix  mkd-separator-center\">\n\t<div class=\"mkd-separator\" style=\"margin-top: 20px;margin-bottom: 20px\"><\/div>\n<\/div>\n\n<div class=\"mkd-team\">\n\t<div class=\"mkd-team-inner\">\n\t\t\t\t\t<div class=\"mkd-team-image-holder\">\n\t\t\t\t<div class=\"mkd-team-image\">\n\t\t\t\t\t<img src=\"https:\/\/farmacia-reus.com\/wp-content\/uploads\/2019\/06\/araceli.jpg\" alt=\"mkd-team-image\"\/>\n\n\t\t\t\t\t<div class=\"mkd-team-social-holder\">\n\t\t\t\t\t\t<div class=\"mkd-team-social normal_social\">\n\t\t\t\t\t\t\t<div class=\"mkd-team-social-inner\">\n\n\t\t\t\t\t\t\t\t\n\t\t\t\t\t\t\t<\/div>\n\t\t\t\t\t\t<\/div>\n\t\t\t\t\t<\/div>\n\t\t\t\t<\/div>\n\t\t\t<\/div>\n\t\t\n\t\t\t\t\t<div class=\"mkd-team-info\">\n\t\t\t\t\t\t\t\t\t<div class=\"mkd-team-title-holder normal_social\">\n\t\t\t\t\t\t\t\t\t\t\t\t\t<h5 class=\"mkd-team-name \">\n\t\t\t\t\t\t\t\tAraceli Garriga\t\t\t\t\t\t\t<\/h5>\n\t\t\t\t\t\t\t\t\t\t\t\t\t\t\t\t\t\t\t<h6 class=\"mkd-team-position \">T\u00e8cnica en farm\u00e0cia<\/h6>\n\t\t\t\t\t\t\t\t\t\t\t<\/div>\n\t\t\t\t\n\t\t\t\t\n\t<\/div>\n<\/div>\n<\/div><div class=\"mkd-separator-holder clearfix  mkd-separator-center\">\n\t<div class=\"mkd-separator\" style=\"margin-top: 20px;margin-bottom: 20px\"><\/div>\n<\/div>\n[\/vc_column_inner][\/vc_row_inner][\/vc_column][\/vc_row]<\/p>\n","protected":false},"excerpt":{"rendered":"<p>[vc_row content_width=&#8221;grid&#8221; css=&#8221;.vc_custom_1560418359757{margin-top: 65px !important;margin-bottom: 45px !important;}&#8221;][vc_column width=&#8221;1\/2&#8243;][vc_column_text]La nostra hist\u00f2ria comen\u00e7a el 1919 amb el farmac\u00e8utic Jos\u00e9 Monteverde Ayet al capdavant i posteriorment la seva filla Josefina Monteverde Vallespinosa. Des de llavors 4 generacions de farmac\u00e8utics de la fam\u00edlia hem exercit orgullosos del que hem&#8230;<\/p>\n","protected":false},"author":1,"featured_media":0,"parent":0,"menu_order":0,"comment_status":"closed","ping_status":"closed","template":"full-width.php","meta":[],"yoast_head":"<!-- This site is optimized with the Yoast SEO plugin v16.9 - https:\/\/yoast.com\/wordpress\/plugins\/seo\/ -->\n<title>Farm\u00e0cia a Reus i Calafell | Farm\u00e0cia Piqu\u00e9<\/title>\n<meta name=\"description\" content=\"Farm\u00e0cies Piqu\u00e9 a Reus i Calafell des de 1919 exercint orgullosos la nostra professi\u00f3 i ajudant-te a tenir cura de la teva salut i benestar.\" \/>\n<meta name=\"robots\" content=\"index, follow, max-snippet:-1, max-image-preview:large, max-video-preview:-1\" \/>\n<link rel=\"canonical\" href=\"https:\/\/farmacia-reus.com\/ca\/farmacia-pique\/\" \/>\n<meta property=\"og:locale\" content=\"ca_ES\" \/>\n<meta property=\"og:type\" content=\"article\" \/>\n<meta property=\"og:title\" content=\"Farm\u00e0cia a Reus i Calafell | Farm\u00e0cia Piqu\u00e9\" \/>\n<meta property=\"og:description\" content=\"Farm\u00e0cies Piqu\u00e9 a Reus i Calafell des de 1919 exercint orgullosos la nostra professi\u00f3 i ajudant-te a tenir cura de la teva salut i benestar.\" \/>\n<meta property=\"og:url\" content=\"https:\/\/farmacia-reus.com\/ca\/farmacia-pique\/\" \/>\n<meta property=\"og:site_name\" content=\"Farm\u00e0cia Reus\" \/>\n<meta property=\"article:modified_time\" content=\"2023-11-15T18:51:47+00:00\" \/>\n<meta name=\"twitter:card\" content=\"summary_large_image\" \/>\n<meta name=\"twitter:label1\" content=\"Temps estimat de lectura\" \/>\n\t<meta name=\"twitter:data1\" content=\"3 minuts\" \/>\n<script type=\"application\/ld+json\" class=\"yoast-schema-graph\">{\"@context\":\"https:\/\/schema.org\",\"@graph\":[{\"@type\":\"Organization\",\"@id\":\"https:\/\/farmacia-reus.com\/#organization\",\"name\":\"Farm\\u00e0cia Piqu\\u00e9 Reus i Calafell\",\"url\":\"https:\/\/farmacia-reus.com\/\",\"sameAs\":[],\"logo\":{\"@type\":\"ImageObject\",\"@id\":\"https:\/\/farmacia-reus.com\/#logo\",\"inLanguage\":\"ca\",\"url\":\"https:\/\/farmacia-reus.com\/wp-content\/uploads\/2019\/06\/logo-serp.png\",\"contentUrl\":\"https:\/\/farmacia-reus.com\/wp-content\/uploads\/2019\/06\/logo-serp.png\",\"width\":461,\"height\":643,\"caption\":\"Farm\\u00e0cia Piqu\\u00e9 Reus i Calafell\"},\"image\":{\"@id\":\"https:\/\/farmacia-reus.com\/#logo\"}},{\"@type\":\"WebSite\",\"@id\":\"https:\/\/farmacia-reus.com\/#website\",\"url\":\"https:\/\/farmacia-reus.com\/\",\"name\":\"Farm\\u00e0cia Reus\",\"description\":\"Farm\\u00e0cia Reus\",\"publisher\":{\"@id\":\"https:\/\/farmacia-reus.com\/#organization\"},\"potentialAction\":[{\"@type\":\"SearchAction\",\"target\":{\"@type\":\"EntryPoint\",\"urlTemplate\":\"https:\/\/farmacia-reus.com\/?s={search_term_string}\"},\"query-input\":\"required name=search_term_string\"}],\"inLanguage\":\"ca\"},{\"@type\":\"WebPage\",\"@id\":\"https:\/\/farmacia-reus.com\/ca\/farmacia-pique\/#webpage\",\"url\":\"https:\/\/farmacia-reus.com\/ca\/farmacia-pique\/\",\"name\":\"Farm\\u00e0cia a Reus i Calafell | Farm\\u00e0cia Piqu\\u00e9\",\"isPartOf\":{\"@id\":\"https:\/\/farmacia-reus.com\/#website\"},\"datePublished\":\"2016-06-22T10:22:34+00:00\",\"dateModified\":\"2023-11-15T18:51:47+00:00\",\"description\":\"Farm\\u00e0cies Piqu\\u00e9 a Reus i Calafell des de 1919 exercint orgullosos la nostra professi\\u00f3 i ajudant-te a tenir cura de la teva salut i benestar.\",\"breadcrumb\":{\"@id\":\"https:\/\/farmacia-reus.com\/ca\/farmacia-pique\/#breadcrumb\"},\"inLanguage\":\"ca\",\"potentialAction\":[{\"@type\":\"ReadAction\",\"target\":[\"https:\/\/farmacia-reus.com\/ca\/farmacia-pique\/\"]}]},{\"@type\":\"BreadcrumbList\",\"@id\":\"https:\/\/farmacia-reus.com\/ca\/farmacia-pique\/#breadcrumb\",\"itemListElement\":[{\"@type\":\"ListItem\",\"position\":1,\"name\":\"Portada\",\"item\":\"https:\/\/farmacia-reus.com\/ca\/\"},{\"@type\":\"ListItem\",\"position\":2,\"name\":\"Farm\\u00e0cia Piqu\\u00e9\"}]}]}<\/script>\n<!-- \/ Yoast SEO plugin. -->","yoast_head_json":{"title":"Farm\u00e0cia a Reus i Calafell | Farm\u00e0cia Piqu\u00e9","description":"Farm\u00e0cies Piqu\u00e9 a Reus i Calafell des de 1919 exercint orgullosos la nostra professi\u00f3 i ajudant-te a tenir cura de la teva salut i benestar.","robots":{"index":"index","follow":"follow","max-snippet":"max-snippet:-1","max-image-preview":"max-image-preview:large","max-video-preview":"max-video-preview:-1"},"canonical":"https:\/\/farmacia-reus.com\/ca\/farmacia-pique\/","og_locale":"ca_ES","og_type":"article","og_title":"Farm\u00e0cia a Reus i Calafell | Farm\u00e0cia Piqu\u00e9","og_description":"Farm\u00e0cies Piqu\u00e9 a Reus i Calafell des de 1919 exercint orgullosos la nostra professi\u00f3 i ajudant-te a tenir cura de la teva salut i benestar.","og_url":"https:\/\/farmacia-reus.com\/ca\/farmacia-pique\/","og_site_name":"Farm\u00e0cia Reus","article_modified_time":"2023-11-15T18:51:47+00:00","twitter_card":"summary_large_image","twitter_misc":{"Temps estimat de lectura":"3 minuts"},"schema":{"@context":"https:\/\/schema.org","@graph":[{"@type":"Organization","@id":"https:\/\/farmacia-reus.com\/#organization","name":"Farm\u00e0cia Piqu\u00e9 Reus i Calafell","url":"https:\/\/farmacia-reus.com\/","sameAs":[],"logo":{"@type":"ImageObject","@id":"https:\/\/farmacia-reus.com\/#logo","inLanguage":"ca","url":"https:\/\/farmacia-reus.com\/wp-content\/uploads\/2019\/06\/logo-serp.png","contentUrl":"https:\/\/farmacia-reus.com\/wp-content\/uploads\/2019\/06\/logo-serp.png","width":461,"height":643,"caption":"Farm\u00e0cia Piqu\u00e9 Reus i Calafell"},"image":{"@id":"https:\/\/farmacia-reus.com\/#logo"}},{"@type":"WebSite","@id":"https:\/\/farmacia-reus.com\/#website","url":"https:\/\/farmacia-reus.com\/","name":"Farm\u00e0cia Reus","description":"Farm\u00e0cia Reus","publisher":{"@id":"https:\/\/farmacia-reus.com\/#organization"},"potentialAction":[{"@type":"SearchAction","target":{"@type":"EntryPoint","urlTemplate":"https:\/\/farmacia-reus.com\/?s={search_term_string}"},"query-input":"required name=search_term_string"}],"inLanguage":"ca"},{"@type":"WebPage","@id":"https:\/\/farmacia-reus.com\/ca\/farmacia-pique\/#webpage","url":"https:\/\/farmacia-reus.com\/ca\/farmacia-pique\/","name":"Farm\u00e0cia a Reus i Calafell | Farm\u00e0cia Piqu\u00e9","isPartOf":{"@id":"https:\/\/farmacia-reus.com\/#website"},"datePublished":"2016-06-22T10:22:34+00:00","dateModified":"2023-11-15T18:51:47+00:00","description":"Farm\u00e0cies Piqu\u00e9 a Reus i Calafell des de 1919 exercint orgullosos la nostra professi\u00f3 i ajudant-te a tenir cura de la teva salut i benestar.","breadcrumb":{"@id":"https:\/\/farmacia-reus.com\/ca\/farmacia-pique\/#breadcrumb"},"inLanguage":"ca","potentialAction":[{"@type":"ReadAction","target":["https:\/\/farmacia-reus.com\/ca\/farmacia-pique\/"]}]},{"@type":"BreadcrumbList","@id":"https:\/\/farmacia-reus.com\/ca\/farmacia-pique\/#breadcrumb","itemListElement":[{"@type":"ListItem","position":1,"name":"Portada","item":"https:\/\/farmacia-reus.com\/ca\/"},{"@type":"ListItem","position":2,"name":"Farm\u00e0cia Piqu\u00e9"}]}]}},"_links":{"self":[{"href":"https:\/\/farmacia-reus.com\/ca\/wp-json\/wp\/v2\/pages\/4438"}],"collection":[{"href":"https:\/\/farmacia-reus.com\/ca\/wp-json\/wp\/v2\/pages"}],"about":[{"href":"https:\/\/farmacia-reus.com\/ca\/wp-json\/wp\/v2\/types\/page"}],"author":[{"embeddable":true,"href":"https:\/\/farmacia-reus.com\/ca\/wp-json\/wp\/v2\/users\/1"}],"replies":[{"embeddable":true,"href":"https:\/\/farmacia-reus.com\/ca\/wp-json\/wp\/v2\/comments?post=4438"}],"version-history":[{"count":7,"href":"https:\/\/farmacia-reus.com\/ca\/wp-json\/wp\/v2\/pages\/4438\/revisions"}],"predecessor-version":[{"id":4594,"href":"https:\/\/farmacia-reus.com\/ca\/wp-json\/wp\/v2\/pages\/4438\/revisions\/4594"}],"wp:attachment":[{"href":"https:\/\/farmacia-reus.com\/ca\/wp-json\/wp\/v2\/media?parent=4438"}],"curies":[{"name":"wp","href":"https:\/\/api.w.org\/{rel}","templated":true}]}}