{"id":4444,"date":"2016-06-24T11:12:56","date_gmt":"2016-06-24T11:12:56","guid":{"rendered":"https:\/\/farmacia-reus.com\/servicios\/"},"modified":"2023-11-15T19:38:10","modified_gmt":"2023-11-15T18:38:10","slug":"serveis","status":"publish","type":"page","link":"https:\/\/farmacia-reus.com\/ca\/serveis\/","title":{"rendered":"Serveis"},"content":{"rendered":"<p>[vc_row content_width=&#8221;grid&#8221; css=&#8221;.vc_custom_1700073353370{padding-top: 100px !important;padding-bottom: 60px !important;}&#8221;][vc_column css=&#8221;.vc_custom_1467282275690{padding-right: 20% !important;}&#8221; offset=&#8221;vc_col-md-4&#8243;]<div class=\"mkd-iwt clearfix mkd-iwt-icon-top mkd-iwt-icon-large\" style=\"text-align: left;\">\n\t<div class=\"mkd-iwt-icon-holder\">\n\t\t\t\t\t<span class=\"mkd-iwt-custom-icon\" ><img width=\"600\" height=\"400\" src=\"https:\/\/farmacia-reus.com\/wp-content\/uploads\/2019\/06\/dispensacion_farmaceutica_reus.jpg\" class=\"attachment-full size-full\" alt=\"\" loading=\"lazy\" srcset=\"https:\/\/farmacia-reus.com\/wp-content\/uploads\/2019\/06\/dispensacion_farmaceutica_reus.jpg 600w, https:\/\/farmacia-reus.com\/wp-content\/uploads\/2019\/06\/dispensacion_farmaceutica_reus-300x200.jpg 300w\" sizes=\"(max-width: 600px) 100vw, 600px\" \/><\/span>\n\t\t\t<\/div>\n\t<div class=\"mkd-iwt-content-holder\" >\n\t\t<div class=\"mkd-iwt-title-holder\">\n\t\t\t<h5 >Dispensaci\u00f3 farmac\u00e8utica<\/h5>\n\t<\/div>\n\t<div class=\"mkd-iwt-text-holder\">\n\t\t<p >Garantim l&#039;acc\u00e9s als medicaments i productes sanitaris necessaris, proporcionant la informaci\u00f3 necess\u00e0ria perqu\u00e8 els pacients coneguin el seu proc\u00e9s d&#039;\u00fas.<\/p>\n\n\t\t\t<\/div>\n<\/div>\n<\/div><div class=\"mkd-separator-holder clearfix  mkd-separator-center\">\n\t<div class=\"mkd-separator\" style=\"margin-top: 20px;margin-bottom: 20px\"><\/div>\n<\/div>\n<div class=\"mkd-iwt clearfix mkd-iwt-icon-top mkd-iwt-icon-tiny\" style=\"text-align: left;\">\n\t<div class=\"mkd-iwt-icon-holder\">\n\t\t\t\t\t<span class=\"mkd-iwt-custom-icon\" ><img width=\"600\" height=\"400\" src=\"https:\/\/farmacia-reus.com\/wp-content\/uploads\/2019\/06\/reflotron.jpg\" class=\"attachment-full size-full\" alt=\"\" loading=\"lazy\" srcset=\"https:\/\/farmacia-reus.com\/wp-content\/uploads\/2019\/06\/reflotron.jpg 600w, https:\/\/farmacia-reus.com\/wp-content\/uploads\/2019\/06\/reflotron-300x200.jpg 300w\" sizes=\"(max-width: 600px) 100vw, 600px\" \/><\/span>\n\t\t\t<\/div>\n\t<div class=\"mkd-iwt-content-holder\" >\n\t\t<div class=\"mkd-iwt-title-holder\">\n\t\t\t<h5 >Mesurament de la glucosa<\/h5>\n\t<\/div>\n\t<div class=\"mkd-iwt-text-holder\">\n\t\t<p >Disposem d&#039;analitzadors per mesurar els diferents nivells dels 3 principals factors de risc cardiovascular: glucosa, colesterol i triglic\u00e8rids.<\/p>\n\n\t\t\t<\/div>\n<\/div>\n<\/div><div class=\"mkd-separator-holder clearfix  mkd-separator-center\">\n\t<div class=\"mkd-separator\" style=\"margin-top: 20px;margin-bottom: 20px\"><\/div>\n<\/div>\n<div class=\"mkd-iwt clearfix mkd-iwt-icon-top mkd-iwt-icon-tiny\" style=\"text-align: left;\">\n\t<div class=\"mkd-iwt-icon-holder\">\n\t\t\t\t\t<span class=\"mkd-iwt-custom-icon\" ><img width=\"600\" height=\"400\" src=\"https:\/\/farmacia-reus.com\/wp-content\/uploads\/2019\/06\/homeopatia.jpg\" class=\"attachment-full size-full\" alt=\"\" loading=\"lazy\" srcset=\"https:\/\/farmacia-reus.com\/wp-content\/uploads\/2019\/06\/homeopatia.jpg 600w, https:\/\/farmacia-reus.com\/wp-content\/uploads\/2019\/06\/homeopatia-300x200.jpg 300w\" sizes=\"(max-width: 600px) 100vw, 600px\" \/><\/span>\n\t\t\t<\/div>\n\t<div class=\"mkd-iwt-content-holder\" >\n\t\t<div class=\"mkd-iwt-title-holder\">\n\t\t\t<h5 >Homeopat\u00eda<\/h5>\n\t<\/div>\n\t<div class=\"mkd-iwt-text-holder\">\n\t\t<p >Posem a la seva disposici\u00f3 els millors productes d&#039;homeopatia procedents dels principals laboratoris especialitzats per prevenir, tractar o alleujar els s\u00edmptomes de determinades malalties.<\/p>\n\n\t\t\t<\/div>\n<\/div>\n<\/div><div class=\"mkd-separator-holder clearfix  mkd-separator-center\">\n\t<div class=\"mkd-separator\" style=\"margin-top: 20px;margin-bottom: 20px\"><\/div>\n<\/div>\n<div class=\"mkd-iwt clearfix mkd-iwt-icon-top mkd-iwt-icon-tiny\" style=\"text-align: left;\">\n\t<div class=\"mkd-iwt-icon-holder\">\n\t\t\t\t\t<span class=\"mkd-iwt-custom-icon\" ><img width=\"600\" height=\"400\" src=\"https:\/\/farmacia-reus.com\/wp-content\/uploads\/2019\/06\/tension-arterial.jpg\" class=\"attachment-full size-full\" alt=\"\" loading=\"lazy\" srcset=\"https:\/\/farmacia-reus.com\/wp-content\/uploads\/2019\/06\/tension-arterial.jpg 600w, https:\/\/farmacia-reus.com\/wp-content\/uploads\/2019\/06\/tension-arterial-300x200.jpg 300w\" sizes=\"(max-width: 600px) 100vw, 600px\" \/><\/span>\n\t\t\t<\/div>\n\t<div class=\"mkd-iwt-content-holder\" >\n\t\t<div class=\"mkd-iwt-title-holder\">\n\t\t\t<h5 >Pressi\u00f3 arterial<\/h5>\n\t<\/div>\n\t<div class=\"mkd-iwt-text-holder\">\n\t\t<p >Prenem la pressi\u00f3 o tensi\u00f3 arterial per tal de detectar possibles problemes d&#039;hipertensi\u00f3 o per facilitar el control dels pacients que pateixen d&#039;hipertensi\u00f3.<\/p>\n\n\t\t\t<\/div>\n<\/div>\n<\/div><div class=\"mkd-separator-holder clearfix  mkd-separator-center\">\n\t<div class=\"mkd-separator\" style=\"margin-top: 20px;margin-bottom: 20px\"><\/div>\n<\/div>\n[\/vc_column][vc_column css=&#8221;.vc_custom_1467282284153{padding-right: 20% !important;}&#8221; offset=&#8221;vc_col-md-4&#8243;]<div class=\"mkd-iwt clearfix mkd-iwt-icon-top mkd-iwt-icon-tiny\" style=\"text-align: left;\">\n\t<div class=\"mkd-iwt-icon-holder\">\n\t\t\t\t\t<span class=\"mkd-iwt-custom-icon\" ><img width=\"600\" height=\"400\" src=\"https:\/\/farmacia-reus.com\/wp-content\/uploads\/2023\/11\/Consejo-farmaceutico.jpg\" class=\"attachment-full size-full\" alt=\"\" loading=\"lazy\" srcset=\"https:\/\/farmacia-reus.com\/wp-content\/uploads\/2023\/11\/Consejo-farmaceutico.jpg 600w, https:\/\/farmacia-reus.com\/wp-content\/uploads\/2023\/11\/Consejo-farmaceutico-300x200.jpg 300w\" sizes=\"(max-width: 600px) 100vw, 600px\" \/><\/span>\n\t\t\t<\/div>\n\t<div class=\"mkd-iwt-content-holder\" >\n\t\t<div class=\"mkd-iwt-title-holder\">\n\t\t\t<h5 >Consell farmac\u00e8utic<\/h5>\n\t<\/div>\n\t<div class=\"mkd-iwt-text-holder\">\n\t\t<p >Aconsellem als clients sobre l&#039;\u00fas de medicaments que prenen, tractaments de malalties i promocionem la salut i el benestar, millorant aix\u00ed els resultats.<\/p>\n\n\t\t\t<\/div>\n<\/div>\n<\/div><div class=\"mkd-separator-holder clearfix  mkd-separator-center\">\n\t<div class=\"mkd-separator\" style=\"margin-top: 20px;margin-bottom: 20px\"><\/div>\n<\/div>\n<div class=\"mkd-iwt clearfix mkd-iwt-icon-top mkd-iwt-icon-tiny\" style=\"text-align: left;\">\n\t<div class=\"mkd-iwt-icon-holder\">\n\t\t\t\t\t<span class=\"mkd-iwt-custom-icon\" ><img width=\"600\" height=\"400\" src=\"https:\/\/farmacia-reus.com\/wp-content\/uploads\/2019\/06\/dietetica.jpg\" class=\"attachment-full size-full\" alt=\"\" loading=\"lazy\" srcset=\"https:\/\/farmacia-reus.com\/wp-content\/uploads\/2019\/06\/dietetica.jpg 600w, https:\/\/farmacia-reus.com\/wp-content\/uploads\/2019\/06\/dietetica-300x200.jpg 300w\" sizes=\"(max-width: 600px) 100vw, 600px\" \/><\/span>\n\t\t\t<\/div>\n\t<div class=\"mkd-iwt-content-holder\" >\n\t\t<div class=\"mkd-iwt-title-holder\">\n\t\t\t<h5 >Diet\u00e8tica<\/h5>\n\t<\/div>\n\t<div class=\"mkd-iwt-text-holder\">\n\t\t<p >Disposem de complements diet\u00e8tics, complements nutritius, plantes medicinals, homeopatia, etc. per millorar el rendiment i l&#039;efectivitat de la dieta.<\/p>\n\n\t\t\t<\/div>\n<\/div>\n<\/div><div class=\"mkd-separator-holder clearfix  mkd-separator-center\">\n\t<div class=\"mkd-separator\" style=\"margin-top: 20px;margin-bottom: 20px\"><\/div>\n<\/div>\n<div class=\"mkd-iwt clearfix mkd-iwt-icon-top mkd-iwt-icon-tiny\" style=\"text-align: left;\">\n\t<div class=\"mkd-iwt-icon-holder\">\n\t\t\t\t\t<span class=\"mkd-iwt-custom-icon\" ><img width=\"600\" height=\"400\" src=\"https:\/\/farmacia-reus.com\/wp-content\/uploads\/2019\/06\/dermofarmacia.jpg\" class=\"attachment-full size-full\" alt=\"\" loading=\"lazy\" srcset=\"https:\/\/farmacia-reus.com\/wp-content\/uploads\/2019\/06\/dermofarmacia.jpg 600w, https:\/\/farmacia-reus.com\/wp-content\/uploads\/2019\/06\/dermofarmacia-300x200.jpg 300w\" sizes=\"(max-width: 600px) 100vw, 600px\" \/><\/span>\n\t\t\t<\/div>\n\t<div class=\"mkd-iwt-content-holder\" >\n\t\t<div class=\"mkd-iwt-title-holder\">\n\t\t\t<h5 >Dermofarm\u00e0cia<\/h5>\n\t<\/div>\n\t<div class=\"mkd-iwt-text-holder\">\n\t\t<p >Servei orientat a la cura de la pell dels pacients amb un assessorament personalitzat per orientar i resoldre qualsevol dubte relacionat amb afeccions de la pell.<\/p>\n\n\t\t\t<\/div>\n<\/div>\n<\/div><div class=\"mkd-separator-holder clearfix  mkd-separator-center\">\n\t<div class=\"mkd-separator\" style=\"margin-top: 20px;margin-bottom: 20px\"><\/div>\n<\/div>\n<div class=\"mkd-iwt clearfix mkd-iwt-icon-top mkd-iwt-icon-tiny\" style=\"text-align: left;\">\n\t<div class=\"mkd-iwt-icon-holder\">\n\t\t\t\t\t<span class=\"mkd-iwt-custom-icon\" ><img width=\"600\" height=\"400\" src=\"https:\/\/farmacia-reus.com\/wp-content\/uploads\/2019\/06\/control-peso.jpg\" class=\"attachment-full size-full\" alt=\"\" loading=\"lazy\" srcset=\"https:\/\/farmacia-reus.com\/wp-content\/uploads\/2019\/06\/control-peso.jpg 600w, https:\/\/farmacia-reus.com\/wp-content\/uploads\/2019\/06\/control-peso-300x200.jpg 300w\" sizes=\"(max-width: 600px) 100vw, 600px\" \/><\/span>\n\t\t\t<\/div>\n\t<div class=\"mkd-iwt-content-holder\" >\n\t\t<div class=\"mkd-iwt-title-holder\">\n\t\t\t<h5 >Control de pes i IMC<\/h5>\n\t<\/div>\n\t<div class=\"mkd-iwt-text-holder\">\n\t\t<p >Disposem d&#039;una b\u00e0scula electr\u00f2nica perqu\u00e8 puguis realitzar un correcte control del teu pes i del teu IMC (\u00edndex de la massa corporal).<\/p>\n\n\t\t\t<\/div>\n<\/div>\n<\/div><div class=\"mkd-separator-holder clearfix  mkd-separator-center\">\n\t<div class=\"mkd-separator\" style=\"margin-top: 20px;margin-bottom: 20px\"><\/div>\n<\/div>\n[\/vc_column][vc_column css=&#8221;.vc_custom_1467282291177{padding-right: 20% !important;}&#8221; offset=&#8221;vc_col-md-4&#8243;]<div class=\"mkd-iwt clearfix mkd-iwt-icon-top mkd-iwt-icon-tiny\" style=\"text-align: left;\">\n\t<div class=\"mkd-iwt-icon-holder\">\n\t\t\t\t\t<span class=\"mkd-iwt-custom-icon\" ><img width=\"600\" height=\"400\" src=\"https:\/\/farmacia-reus.com\/wp-content\/uploads\/2019\/06\/formulas_magistrales_farmacia_reus.jpg\" class=\"attachment-full size-full\" alt=\"\" loading=\"lazy\" srcset=\"https:\/\/farmacia-reus.com\/wp-content\/uploads\/2019\/06\/formulas_magistrales_farmacia_reus.jpg 600w, https:\/\/farmacia-reus.com\/wp-content\/uploads\/2019\/06\/formulas_magistrales_farmacia_reus-300x200.jpg 300w\" sizes=\"(max-width: 600px) 100vw, 600px\" \/><\/span>\n\t\t\t<\/div>\n\t<div class=\"mkd-iwt-content-holder\" >\n\t\t<div class=\"mkd-iwt-title-holder\">\n\t\t\t<h5 >Formulaci\u00f3 magistral<\/h5>\n\t<\/div>\n\t<div class=\"mkd-iwt-text-holder\">\n\t\t<p >Quan no existeix el medicament idoni per a una patologia, el nostre laboratori, prepara medicaments espec\u00edfics per tal de complimentar una prescripci\u00f3 m\u00e8dica.<\/p>\n\n\t\t\t<\/div>\n<\/div>\n<\/div><div class=\"mkd-separator-holder clearfix  mkd-separator-center\">\n\t<div class=\"mkd-separator\" style=\"margin-top: 20px;margin-bottom: 20px\"><\/div>\n<\/div>\n<div class=\"mkd-iwt clearfix mkd-iwt-icon-top mkd-iwt-icon-tiny\" style=\"text-align: left;\">\n\t<div class=\"mkd-iwt-icon-holder\">\n\t\t\t\t\t<span class=\"mkd-iwt-custom-icon\" ><img width=\"600\" height=\"400\" src=\"https:\/\/farmacia-reus.com\/wp-content\/uploads\/2019\/06\/fitoterapia.jpg\" class=\"attachment-full size-full\" alt=\"\" loading=\"lazy\" srcset=\"https:\/\/farmacia-reus.com\/wp-content\/uploads\/2019\/06\/fitoterapia.jpg 600w, https:\/\/farmacia-reus.com\/wp-content\/uploads\/2019\/06\/fitoterapia-300x200.jpg 300w\" sizes=\"(max-width: 600px) 100vw, 600px\" \/><\/span>\n\t\t\t<\/div>\n\t<div class=\"mkd-iwt-content-holder\" >\n\t\t<div class=\"mkd-iwt-title-holder\">\n\t\t\t<h5 >Fitoter\u00e0pia<\/h5>\n\t<\/div>\n\t<div class=\"mkd-iwt-text-holder\">\n\t\t<p >Oferim un ampli ventall de solucions naturals a trav\u00e9s de les plantes que contenen propietats terap\u00e8utiques per a guarir determinades afeccions.<\/p>\n\n\t\t\t<\/div>\n<\/div>\n<\/div><div class=\"mkd-separator-holder clearfix  mkd-separator-center\">\n\t<div class=\"mkd-separator\" style=\"margin-top: 20px;margin-bottom: 20px\"><\/div>\n<\/div>\n<div class=\"mkd-iwt clearfix mkd-iwt-icon-top mkd-iwt-icon-tiny\" style=\"text-align: left;\">\n\t<div class=\"mkd-iwt-icon-holder\">\n\t\t\t\t\t<span class=\"mkd-iwt-custom-icon\" ><img width=\"600\" height=\"400\" src=\"https:\/\/farmacia-reus.com\/wp-content\/uploads\/2019\/06\/perforacion-lobulo.jpg\" class=\"attachment-full size-full\" alt=\"\" loading=\"lazy\" srcset=\"https:\/\/farmacia-reus.com\/wp-content\/uploads\/2019\/06\/perforacion-lobulo.jpg 600w, https:\/\/farmacia-reus.com\/wp-content\/uploads\/2019\/06\/perforacion-lobulo-300x200.jpg 300w\" sizes=\"(max-width: 600px) 100vw, 600px\" \/><\/span>\n\t\t\t<\/div>\n\t<div class=\"mkd-iwt-content-holder\" >\n\t\t<div class=\"mkd-iwt-title-holder\">\n\t\t\t<h5 >Perforaci\u00f3 del l\u00f2bul<\/h5>\n\t<\/div>\n\t<div class=\"mkd-iwt-text-holder\">\n\t\t<p >Et posem unes arracades medicinals amb les mesures higienicosanit\u00e0ries id\u00f2nies per realitzar aquest servei i amb personal ben format i amb anys d&#039;experi\u00e8ncia.<\/p>\n\n\t\t\t<\/div>\n<\/div>\n<\/div><div class=\"mkd-separator-holder clearfix  mkd-separator-center\">\n\t<div class=\"mkd-separator\" style=\"margin-top: 20px;margin-bottom: 20px\"><\/div>\n<\/div>\n<div class=\"mkd-iwt clearfix mkd-iwt-icon-top mkd-iwt-icon-tiny\" style=\"text-align: left;\">\n\t<div class=\"mkd-iwt-icon-holder\">\n\t\t\t\t\t<span class=\"mkd-iwt-custom-icon\" ><img width=\"600\" height=\"400\" src=\"https:\/\/farmacia-reus.com\/wp-content\/uploads\/2023\/11\/Alletafarma.jpg\" class=\"attachment-full size-full\" alt=\"\" loading=\"lazy\" srcset=\"https:\/\/farmacia-reus.com\/wp-content\/uploads\/2023\/11\/Alletafarma.jpg 600w, https:\/\/farmacia-reus.com\/wp-content\/uploads\/2023\/11\/Alletafarma-300x200.jpg 300w\" sizes=\"(max-width: 600px) 100vw, 600px\" \/><\/span>\n\t\t\t<\/div>\n\t<div class=\"mkd-iwt-content-holder\" >\n\t\t<div class=\"mkd-iwt-title-holder\">\n\t\t\t<h5 >Alletafarma<\/h5>\n\t<\/div>\n\t<div class=\"mkd-iwt-text-holder\">\n\t\t<p >Alletafarma \u00e9s un servei de suport a les mares o fam\u00edlies lactants. L&#039;objectiu \u00e9s posicionar la farm\u00e0cia comunit\u00e0ria com a centre de refer\u00e8ncia per resoldre dubtes sobre la lact\u00e0ncia.<\/p>\n\n\t\t\t<\/div>\n<\/div>\n<\/div><div class=\"mkd-separator-holder clearfix  mkd-separator-center\">\n\t<div class=\"mkd-separator\" style=\"margin-top: 20px;margin-bottom: 20px\"><\/div>\n<\/div>\n[\/vc_column][\/vc_row]<\/p>\n","protected":false},"excerpt":{"rendered":"<p>[vc_row content_width=&#8221;grid&#8221; css=&#8221;.vc_custom_1700073353370{padding-top: 100px !important;padding-bottom: 60px !important;}&#8221;][vc_column css=&#8221;.vc_custom_1467282275690{padding-right: 20% !important;}&#8221; offset=&#8221;vc_col-md-4&#8243;][\/vc_column][vc_column css=&#8221;.vc_custom_1467282284153{padding-right: 20% !important;}&#8221; offset=&#8221;vc_col-md-4&#8243;][\/vc_column][vc_column css=&#8221;.vc_custom_1467282291177{padding-right: 20% !important;}&#8221; offset=&#8221;vc_col-md-4&#8243;][\/vc_column][\/vc_row]<\/p>\n","protected":false},"author":1,"featured_media":0,"parent":0,"menu_order":0,"comment_status":"closed","ping_status":"closed","template":"full-width.php","meta":[],"yoast_head":"<!-- This site is optimized with the Yoast SEO plugin v16.9 - https:\/\/yoast.com\/wordpress\/plugins\/seo\/ -->\n<title>Serveis - Farm\u00e0cia Reus<\/title>\n<meta name=\"robots\" content=\"index, follow, max-snippet:-1, max-image-preview:large, max-video-preview:-1\" \/>\n<link rel=\"canonical\" href=\"https:\/\/farmacia-reus.com\/ca\/serveis\/\" \/>\n<meta property=\"og:locale\" content=\"ca_ES\" \/>\n<meta property=\"og:type\" content=\"article\" \/>\n<meta property=\"og:title\" content=\"Serveis - Farm\u00e0cia Reus\" \/>\n<meta property=\"og:description\" content=\"[vc_row content_width=&#8221;grid&#8221; css=&#8221;.vc_custom_1700073353370{padding-top: 100px !important;padding-bottom: 60px !important;}&#8221;][vc_column css=&#8221;.vc_custom_1467282275690{padding-right: 20% !important;}&#8221; offset=&#8221;vc_col-md-4&#8243;][\/vc_column][vc_column css=&#8221;.vc_custom_1467282284153{padding-right: 20% !important;}&#8221; offset=&#8221;vc_col-md-4&#8243;][\/vc_column][vc_column css=&#8221;.vc_custom_1467282291177{padding-right: 20% !important;}&#8221; offset=&#8221;vc_col-md-4&#8243;][\/vc_column][\/vc_row]\" \/>\n<meta property=\"og:url\" content=\"https:\/\/farmacia-reus.com\/ca\/serveis\/\" \/>\n<meta property=\"og:site_name\" content=\"Farm\u00e0cia Reus\" \/>\n<meta property=\"article:modified_time\" content=\"2023-11-15T18:38:10+00:00\" \/>\n<meta name=\"twitter:card\" content=\"summary_large_image\" \/>\n<meta name=\"twitter:label1\" content=\"Temps estimat de lectura\" \/>\n\t<meta name=\"twitter:data1\" content=\"4 minuts\" \/>\n<script type=\"application\/ld+json\" class=\"yoast-schema-graph\">{\"@context\":\"https:\/\/schema.org\",\"@graph\":[{\"@type\":\"Organization\",\"@id\":\"https:\/\/farmacia-reus.com\/#organization\",\"name\":\"Farm\\u00e0cia Piqu\\u00e9 Reus i Calafell\",\"url\":\"https:\/\/farmacia-reus.com\/\",\"sameAs\":[],\"logo\":{\"@type\":\"ImageObject\",\"@id\":\"https:\/\/farmacia-reus.com\/#logo\",\"inLanguage\":\"ca\",\"url\":\"https:\/\/farmacia-reus.com\/wp-content\/uploads\/2019\/06\/logo-serp.png\",\"contentUrl\":\"https:\/\/farmacia-reus.com\/wp-content\/uploads\/2019\/06\/logo-serp.png\",\"width\":461,\"height\":643,\"caption\":\"Farm\\u00e0cia Piqu\\u00e9 Reus i Calafell\"},\"image\":{\"@id\":\"https:\/\/farmacia-reus.com\/#logo\"}},{\"@type\":\"WebSite\",\"@id\":\"https:\/\/farmacia-reus.com\/#website\",\"url\":\"https:\/\/farmacia-reus.com\/\",\"name\":\"Farm\\u00e0cia Reus\",\"description\":\"Farm\\u00e0cia Reus\",\"publisher\":{\"@id\":\"https:\/\/farmacia-reus.com\/#organization\"},\"potentialAction\":[{\"@type\":\"SearchAction\",\"target\":{\"@type\":\"EntryPoint\",\"urlTemplate\":\"https:\/\/farmacia-reus.com\/?s={search_term_string}\"},\"query-input\":\"required name=search_term_string\"}],\"inLanguage\":\"ca\"},{\"@type\":\"WebPage\",\"@id\":\"https:\/\/farmacia-reus.com\/ca\/serveis\/#webpage\",\"url\":\"https:\/\/farmacia-reus.com\/ca\/serveis\/\",\"name\":\"Serveis - Farm\\u00e0cia Reus\",\"isPartOf\":{\"@id\":\"https:\/\/farmacia-reus.com\/#website\"},\"datePublished\":\"2016-06-24T11:12:56+00:00\",\"dateModified\":\"2023-11-15T18:38:10+00:00\",\"breadcrumb\":{\"@id\":\"https:\/\/farmacia-reus.com\/ca\/serveis\/#breadcrumb\"},\"inLanguage\":\"ca\",\"potentialAction\":[{\"@type\":\"ReadAction\",\"target\":[\"https:\/\/farmacia-reus.com\/ca\/serveis\/\"]}]},{\"@type\":\"BreadcrumbList\",\"@id\":\"https:\/\/farmacia-reus.com\/ca\/serveis\/#breadcrumb\",\"itemListElement\":[{\"@type\":\"ListItem\",\"position\":1,\"name\":\"Portada\",\"item\":\"https:\/\/farmacia-reus.com\/ca\/\"},{\"@type\":\"ListItem\",\"position\":2,\"name\":\"Serveis\"}]}]}<\/script>\n<!-- \/ Yoast SEO plugin. -->","yoast_head_json":{"title":"Serveis - Farm\u00e0cia Reus","robots":{"index":"index","follow":"follow","max-snippet":"max-snippet:-1","max-image-preview":"max-image-preview:large","max-video-preview":"max-video-preview:-1"},"canonical":"https:\/\/farmacia-reus.com\/ca\/serveis\/","og_locale":"ca_ES","og_type":"article","og_title":"Serveis - Farm\u00e0cia Reus","og_description":"[vc_row content_width=&#8221;grid&#8221; css=&#8221;.vc_custom_1700073353370{padding-top: 100px !important;padding-bottom: 60px !important;}&#8221;][vc_column css=&#8221;.vc_custom_1467282275690{padding-right: 20% !important;}&#8221; offset=&#8221;vc_col-md-4&#8243;][\/vc_column][vc_column css=&#8221;.vc_custom_1467282284153{padding-right: 20% !important;}&#8221; offset=&#8221;vc_col-md-4&#8243;][\/vc_column][vc_column css=&#8221;.vc_custom_1467282291177{padding-right: 20% !important;}&#8221; offset=&#8221;vc_col-md-4&#8243;][\/vc_column][\/vc_row]","og_url":"https:\/\/farmacia-reus.com\/ca\/serveis\/","og_site_name":"Farm\u00e0cia Reus","article_modified_time":"2023-11-15T18:38:10+00:00","twitter_card":"summary_large_image","twitter_misc":{"Temps estimat de lectura":"4 minuts"},"schema":{"@context":"https:\/\/schema.org","@graph":[{"@type":"Organization","@id":"https:\/\/farmacia-reus.com\/#organization","name":"Farm\u00e0cia Piqu\u00e9 Reus i Calafell","url":"https:\/\/farmacia-reus.com\/","sameAs":[],"logo":{"@type":"ImageObject","@id":"https:\/\/farmacia-reus.com\/#logo","inLanguage":"ca","url":"https:\/\/farmacia-reus.com\/wp-content\/uploads\/2019\/06\/logo-serp.png","contentUrl":"https:\/\/farmacia-reus.com\/wp-content\/uploads\/2019\/06\/logo-serp.png","width":461,"height":643,"caption":"Farm\u00e0cia Piqu\u00e9 Reus i Calafell"},"image":{"@id":"https:\/\/farmacia-reus.com\/#logo"}},{"@type":"WebSite","@id":"https:\/\/farmacia-reus.com\/#website","url":"https:\/\/farmacia-reus.com\/","name":"Farm\u00e0cia Reus","description":"Farm\u00e0cia Reus","publisher":{"@id":"https:\/\/farmacia-reus.com\/#organization"},"potentialAction":[{"@type":"SearchAction","target":{"@type":"EntryPoint","urlTemplate":"https:\/\/farmacia-reus.com\/?s={search_term_string}"},"query-input":"required name=search_term_string"}],"inLanguage":"ca"},{"@type":"WebPage","@id":"https:\/\/farmacia-reus.com\/ca\/serveis\/#webpage","url":"https:\/\/farmacia-reus.com\/ca\/serveis\/","name":"Serveis - Farm\u00e0cia Reus","isPartOf":{"@id":"https:\/\/farmacia-reus.com\/#website"},"datePublished":"2016-06-24T11:12:56+00:00","dateModified":"2023-11-15T18:38:10+00:00","breadcrumb":{"@id":"https:\/\/farmacia-reus.com\/ca\/serveis\/#breadcrumb"},"inLanguage":"ca","potentialAction":[{"@type":"ReadAction","target":["https:\/\/farmacia-reus.com\/ca\/serveis\/"]}]},{"@type":"BreadcrumbList","@id":"https:\/\/farmacia-reus.com\/ca\/serveis\/#breadcrumb","itemListElement":[{"@type":"ListItem","position":1,"name":"Portada","item":"https:\/\/farmacia-reus.com\/ca\/"},{"@type":"ListItem","position":2,"name":"Serveis"}]}]}},"_links":{"self":[{"href":"https:\/\/farmacia-reus.com\/ca\/wp-json\/wp\/v2\/pages\/4444"}],"collection":[{"href":"https:\/\/farmacia-reus.com\/ca\/wp-json\/wp\/v2\/pages"}],"about":[{"href":"https:\/\/farmacia-reus.com\/ca\/wp-json\/wp\/v2\/types\/page"}],"author":[{"embeddable":true,"href":"https:\/\/farmacia-reus.com\/ca\/wp-json\/wp\/v2\/users\/1"}],"replies":[{"embeddable":true,"href":"https:\/\/farmacia-reus.com\/ca\/wp-json\/wp\/v2\/comments?post=4444"}],"version-history":[{"count":11,"href":"https:\/\/farmacia-reus.com\/ca\/wp-json\/wp\/v2\/pages\/4444\/revisions"}],"predecessor-version":[{"id":4550,"href":"https:\/\/farmacia-reus.com\/ca\/wp-json\/wp\/v2\/pages\/4444\/revisions\/4550"}],"wp:attachment":[{"href":"https:\/\/farmacia-reus.com\/ca\/wp-json\/wp\/v2\/media?parent=4444"}],"curies":[{"name":"wp","href":"https:\/\/api.w.org\/{rel}","templated":true}]}}